{"id":6,"date":"2021-05-19T04:01:03","date_gmt":"2021-05-19T04:01:03","guid":{"rendered":"https:\/\/psychologische-gutachten-tuebingen.de\/?page_id=6"},"modified":"2025-12-10T11:27:12","modified_gmt":"2025-12-10T10:27:12","slug":"landing-page","status":"publish","type":"page","link":"https:\/\/psychologische-gutachten-tuebingen.de\/","title":{"rendered":"Landing Page"},"content":{"rendered":"\t\t<div data-elementor-type=\"wp-page\" data-elementor-id=\"6\" class=\"elementor elementor-6\">\n\t\t\t\t\t\t<section class=\"elementor-section elementor-top-section elementor-element elementor-element-6c9c971 elementor-section-boxed elementor-section-height-default elementor-section-height-default\" data-id=\"6c9c971\" data-element_type=\"section\" id=\"home\">\n\t\t\t\t\t\t<div class=\"elementor-container elementor-column-gap-default\">\n\t\t\t\t\t<div class=\"elementor-column elementor-col-100 elementor-top-column elementor-element elementor-element-4e94f50\" data-id=\"4e94f50\" data-element_type=\"column\">\n\t\t\t<div class=\"elementor-widget-wrap elementor-element-populated\">\n\t\t\t\t\t\t<section class=\"elementor-section elementor-inner-section elementor-element elementor-element-661dbb3 elementor-section-content-bottom elementor-section-boxed elementor-section-height-default elementor-section-height-default\" data-id=\"661dbb3\" data-element_type=\"section\">\n\t\t\t\t\t\t<div class=\"elementor-container elementor-column-gap-no\">\n\t\t\t\t\t<div class=\"elementor-column elementor-col-50 elementor-inner-column elementor-element elementor-element-0179e5e\" data-id=\"0179e5e\" data-element_type=\"column\">\n\t\t\t<div class=\"elementor-widget-wrap elementor-element-populated\">\n\t\t\t\t\t\t<div class=\"elementor-element elementor-element-5ae3147 elementor-widget elementor-widget-heading\" data-id=\"5ae3147\" data-element_type=\"widget\" data-widget_type=\"heading.default\">\n\t\t\t\t\t<h1 class=\"elementor-heading-title elementor-size-default\">Psychologische Gutachten T\u00fcbingen<br><\/h1>\t\t\t\t<\/div>\n\t\t\t\t<div class=\"elementor-element elementor-element-f3b4824 elementor-widget elementor-widget-heading\" data-id=\"f3b4824\" data-element_type=\"widget\" data-widget_type=\"heading.default\">\n\t\t\t\t\t<h3 class=\"elementor-heading-title elementor-size-default\">Katharina Zerres \n<\/h3>\t\t\t\t<\/div>\n\t\t\t\t<div class=\"elementor-element elementor-element-c1ab624 elementor-widget elementor-widget-heading\" data-id=\"c1ab624\" data-element_type=\"widget\" data-widget_type=\"heading.default\">\n\t\t\t\t\t<h4 class=\"elementor-heading-title elementor-size-default\"><h3 data-elementor-setting-key=\"title\" data-keeper-edited=\"yes\" data-pen-placeholder=\"Type Here...\" style=\"font-style: normal\">Master of Science Psychologie<\/br> \nFachpsychologin f\u00fcr Rechtspsychologie (BDP\/DGPs)<\/h3><\/h4>\t\t\t\t<\/div>\n\t\t\t\t\t<\/div>\n\t\t<\/div>\n\t\t\t\t<div class=\"elementor-column elementor-col-50 elementor-inner-column elementor-element elementor-element-6328bc0\" data-id=\"6328bc0\" data-element_type=\"column\">\n\t\t\t<div class=\"elementor-widget-wrap elementor-element-populated\">\n\t\t\t\t\t\t\t<\/div>\n\t\t<\/div>\n\t\t\t\t\t<\/div>\n\t\t<\/section>\n\t\t\t\t<div class=\"elementor-element elementor-element-fde8638 elementor-widget elementor-widget-image\" data-id=\"fde8638\" data-element_type=\"widget\" data-widget_type=\"image.default\">\n\t\t\t\t\t\t\t\t\t\t\t\t\t\t\t<img fetchpriority=\"high\" decoding=\"async\" width=\"1200\" height=\"550\" src=\"https:\/\/psychologische-gutachten-tuebingen.de\/wp-content\/uploads\/2023\/05\/katharina_zerres_header_1200x550.jpg\" class=\"attachment-full size-full wp-image-322\" alt=\"\" srcset=\"https:\/\/psychologische-gutachten-tuebingen.de\/wp-content\/uploads\/2023\/05\/katharina_zerres_header_1200x550.jpg 1200w, https:\/\/psychologische-gutachten-tuebingen.de\/wp-content\/uploads\/2023\/05\/katharina_zerres_header_1200x550-300x138.jpg 300w, https:\/\/psychologische-gutachten-tuebingen.de\/wp-content\/uploads\/2023\/05\/katharina_zerres_header_1200x550-1024x469.jpg 1024w, https:\/\/psychologische-gutachten-tuebingen.de\/wp-content\/uploads\/2023\/05\/katharina_zerres_header_1200x550-768x352.jpg 768w\" sizes=\"(max-width: 1200px) 100vw, 1200px\" \/>\t\t\t\t\t\t\t\t\t\t\t\t\t\t\t<\/div>\n\t\t\t\t<div class=\"elementor-element elementor-element-75a5415 elementor-widget elementor-widget-heading\" data-id=\"75a5415\" data-element_type=\"widget\" id=\"profil\" data-widget_type=\"heading.default\">\n\t\t\t\t\t<h2 class=\"elementor-heading-title elementor-size-default\">Profil<\/h2>\t\t\t\t<\/div>\n\t\t\t\t<div class=\"elementor-element elementor-element-497151e elementor-widget elementor-widget-heading\" data-id=\"497151e\" data-element_type=\"widget\" data-widget_type=\"heading.default\">\n\t\t\t\t\t<h2 class=\"elementor-heading-title elementor-size-default\"><h4 class=\"elementor-heading-title elementor-size-default elementor-inline-editing pen\" data-elementor-setting-key=\"title\" data-pen-placeholder=\"Type Here...\" style=\"font-style: normal\">RECHTSPSYCHOLOGISCHE PRAXIS<\/h5><\/h2>\t\t\t\t<\/div>\n\t\t\t\t<section class=\"elementor-section elementor-inner-section elementor-element elementor-element-e77a36f elementor-section-content-top elementor-section-boxed elementor-section-height-default elementor-section-height-default\" data-id=\"e77a36f\" data-element_type=\"section\">\n\t\t\t\t\t\t<div class=\"elementor-container elementor-column-gap-no\">\n\t\t\t\t\t<div class=\"elementor-column elementor-col-50 elementor-inner-column elementor-element elementor-element-3a5aafa\" data-id=\"3a5aafa\" data-element_type=\"column\">\n\t\t\t<div class=\"elementor-widget-wrap elementor-element-populated\">\n\t\t\t\t\t\t<div class=\"elementor-element elementor-element-d21d454 elementor-widget elementor-widget-text-editor\" data-id=\"d21d454\" data-element_type=\"widget\" data-widget_type=\"text-editor.default\">\n\t\t\t\t\t\t\t\t\t<p><strong><span style=\"background-color: var(--ast-global-color-4); color: var(--ast-global-color-3); font-size: 1rem;\">Mit me<\/span><span style=\"background-color: var(--ast-global-color-4); color: var(--ast-global-color-3); font-size: 1rem;\">iner Praxis in T\u00fcbingen stehe ich Ihnen gerne als rechtspsychologische S<\/span><span style=\"background-color: var(--ast-global-color-4); color: var(--ast-global-color-3); font-size: 1rem;\">a<\/span><span style=\"background-color: var(--ast-global-color-4); color: var(--ast-global-color-3); font-size: 1rem;\">chverst\u00e4ndige f\u00fcr familienrechtspsychologische Fragestellungen zur Verf\u00fcgung.<\/span><\/strong><\/p>\t\t\t\t\t\t\t\t<\/div>\n\t\t\t\t<div class=\"elementor-element elementor-element-ac2f042 elementor-widget elementor-widget-text-editor\" data-id=\"ac2f042\" data-element_type=\"widget\" data-widget_type=\"text-editor.default\">\n\t\t\t\t\t\t\t\t\t<p>Ich erstelle im Auftrag von Familiengerichten Sachverst\u00e4ndigengutachten und Stellungnahmen zu Fragestellungen des Sorgerechts, des Umgangsrechts, der Erziehungsf\u00e4higkeit und des Kindeswohls.<\/p>\t\t\t\t\t\t\t\t<\/div>\n\t\t\t\t\t<\/div>\n\t\t<\/div>\n\t\t\t\t<div class=\"elementor-column elementor-col-50 elementor-inner-column elementor-element elementor-element-8049fdc\" data-id=\"8049fdc\" data-element_type=\"column\">\n\t\t\t<div class=\"elementor-widget-wrap elementor-element-populated\">\n\t\t\t\t\t\t<div class=\"elementor-element elementor-element-eb382d3 elementor-widget elementor-widget-image\" data-id=\"eb382d3\" data-element_type=\"widget\" data-widget_type=\"image.default\">\n\t\t\t\t\t\t\t\t\t\t\t\t\t\t\t<img decoding=\"async\" width=\"500\" height=\"500\" src=\"https:\/\/psychologische-gutachten-tuebingen.de\/wp-content\/uploads\/2023\/04\/katharina_zerres_500x500.jpg\" class=\"attachment-large size-large wp-image-227\" alt=\"\" srcset=\"https:\/\/psychologische-gutachten-tuebingen.de\/wp-content\/uploads\/2023\/04\/katharina_zerres_500x500.jpg 500w, https:\/\/psychologische-gutachten-tuebingen.de\/wp-content\/uploads\/2023\/04\/katharina_zerres_500x500-300x300.jpg 300w, https:\/\/psychologische-gutachten-tuebingen.de\/wp-content\/uploads\/2023\/04\/katharina_zerres_500x500-150x150.jpg 150w, https:\/\/psychologische-gutachten-tuebingen.de\/wp-content\/uploads\/2023\/04\/elementor\/thumbs\/katharina_zerres_500x500-q5bthiq8wq538mmbp1obb2soreqyiijutilz79uw80.jpg 400w\" sizes=\"(max-width: 500px) 100vw, 500px\" \/>\t\t\t\t\t\t\t\t\t\t\t\t\t\t\t<\/div>\n\t\t\t\t<div class=\"elementor-element elementor-element-58042eb elementor-widget elementor-widget-heading\" data-id=\"58042eb\" data-element_type=\"widget\" data-widget_type=\"heading.default\">\n\t\t\t\t\t<h4 class=\"elementor-heading-title elementor-size-default\">Katharina Zerres<\/h4>\t\t\t\t<\/div>\n\t\t\t\t<div class=\"elementor-element elementor-element-a1e10f5 elementor-widget elementor-widget-heading\" data-id=\"a1e10f5\" data-element_type=\"widget\" data-widget_type=\"heading.default\">\n\t\t\t\t\t<h5 class=\"elementor-heading-title elementor-size-default\">Master of Science Psychologie<\/h5>\t\t\t\t<\/div>\n\t\t\t\t\t<\/div>\n\t\t<\/div>\n\t\t\t\t\t<\/div>\n\t\t<\/section>\n\t\t\t\t\t<\/div>\n\t\t<\/div>\n\t\t\t\t\t<\/div>\n\t\t<\/section>\n\t\t\t\t<section class=\"elementor-section elementor-top-section elementor-element elementor-element-61e5fd0 elementor-section-boxed elementor-section-height-default elementor-section-height-default\" data-id=\"61e5fd0\" data-element_type=\"section\" id=\"about\">\n\t\t\t\t\t\t<div class=\"elementor-container elementor-column-gap-default\">\n\t\t\t\t\t<div class=\"elementor-column elementor-col-100 elementor-top-column elementor-element elementor-element-ab782ed\" data-id=\"ab782ed\" data-element_type=\"column\">\n\t\t\t<div class=\"elementor-widget-wrap elementor-element-populated\">\n\t\t\t\t\t\t<div class=\"elementor-element elementor-element-e6847db elementor-widget elementor-widget-heading\" data-id=\"e6847db\" data-element_type=\"widget\" data-widget_type=\"heading.default\">\n\t\t\t\t\t<h2 class=\"elementor-heading-title elementor-size-default\">Fachliche Qualifikation<\/h2>\t\t\t\t<\/div>\n\t\t\t\t<div class=\"elementor-element elementor-element-339131b elementor-widget elementor-widget-text-editor\" data-id=\"339131b\" data-element_type=\"widget\" data-widget_type=\"text-editor.default\">\n\t\t\t\t\t\t\t\t\t<p><span style=\"background-color: var(--ast-global-color-4); color: var(--ast-global-color-3); font-style: inherit; font-weight: inherit;\">M. Sc. Psychologie. Bereits w\u00e4hrend meines Studiums habe ich den Schwerpunkt\u00a0<\/span><span style=\"background-color: var(--ast-global-color-4);\">Familienpsychologische Gutachten<\/span><span style=\"background-color: var(--ast-global-color-4); color: var(--ast-global-color-3); font-style: inherit; font-weight: inherit;\">\u00a0gew\u00e4hlt und mich vor allem auf Diagnostik, Pers\u00f6nlichkeitspsychologie, familienrechtspsychologische Begutachtung und Entwicklungspsychologie konzentriert.<\/span><\/p><p><span style=\"background-color: var(--ast-global-color-4);\">Als zertifizierte Fachpsychologin f\u00fcr Rechtspsychologie (BDP\/DGPs) bin ich auf familienpsychologische Fragestellungen spezialisiert.<\/span><\/p><p>Dar\u00fcber hinaus bin ich Mitglied des Berufsverbands Deutscher Psychologinnen und Psychologen (BDP), Sektion Rechtspsychologie sowie der Gesellschaft f\u00fcr wissenschaftliche Gerichts- und Rechtspsychologie GWG und damit bundesweit vernetzt.<\/p>\t\t\t\t\t\t\t\t<\/div>\n\t\t\t\t\t<\/div>\n\t\t<\/div>\n\t\t\t\t\t<\/div>\n\t\t<\/section>\n\t\t\t\t<section class=\"elementor-section elementor-top-section elementor-element elementor-element-fd62f1a elementor-section-boxed elementor-section-height-default elementor-section-height-default\" data-id=\"fd62f1a\" data-element_type=\"section\" id=\"schedule\" data-settings=\"{&quot;background_background&quot;:&quot;classic&quot;}\">\n\t\t\t\t\t\t<div class=\"elementor-container elementor-column-gap-default\">\n\t\t\t\t\t<div class=\"elementor-column elementor-col-100 elementor-top-column elementor-element elementor-element-e72f7bf\" data-id=\"e72f7bf\" data-element_type=\"column\">\n\t\t\t<div class=\"elementor-widget-wrap elementor-element-populated\">\n\t\t\t\t\t\t<div class=\"elementor-element elementor-element-2ff8093 elementor-widget__width-initial elementor-widget-mobile__width-inherit elementor-widget elementor-widget-heading\" data-id=\"2ff8093\" data-element_type=\"widget\" data-widget_type=\"heading.default\">\n\t\t\t\t\t<h2 class=\"elementor-heading-title elementor-size-default\">Procedere<\/h2>\t\t\t\t<\/div>\n\t\t\t\t<section class=\"elementor-section elementor-inner-section elementor-element elementor-element-fcfd3d7 elementor-section-boxed elementor-section-height-default elementor-section-height-default\" data-id=\"fcfd3d7\" data-element_type=\"section\">\n\t\t\t\t\t\t<div class=\"elementor-container elementor-column-gap-default\">\n\t\t\t\t\t<div class=\"elementor-column elementor-col-100 elementor-inner-column elementor-element elementor-element-90cad28\" data-id=\"90cad28\" data-element_type=\"column\">\n\t\t\t<div class=\"elementor-widget-wrap elementor-element-populated\">\n\t\t\t\t\t\t\t<\/div>\n\t\t<\/div>\n\t\t\t\t\t<\/div>\n\t\t<\/section>\n\t\t\t\t<div class=\"elementor-element elementor-element-0b9d410 elementor-widget elementor-widget-text-editor\" data-id=\"0b9d410\" data-element_type=\"widget\" data-widget_type=\"text-editor.default\">\n\t\t\t\t\t\t\t\t\t<p style=\"font-style: normal; margin-bottom: 0px;\" data-elementor-setting-key=\"title\" data-pen-placeholder=\"Type Here...\">Beim gesamten Procedere der Erstellung meiner Gutachten <span style=\"font-style: inherit; font-weight: inherit; background-color: var( --e-global-color-astglobalcolor4 ); color: var(--ast-global-color-3);\">ist mir der Respekt gegen\u00fcber allen Beteiligten und die Sensibilit\u00e4t gegen\u00fcber Eingriffen in den Kernbereich der Familie besonders wichtig,\u00a0<\/span><span style=\"font-style: inherit; font-weight: inherit; color: var(--ast-global-color-3); background-color: var( --e-global-color-astglobalcolor4 );\">steht die Kindeswohlorientierung und damit die Minimierung der Belastung der Kinder durch die Begutachtung im Vordergrund, <\/span><span style=\"font-style: inherit; font-weight: inherit; color: var(--ast-global-color-3); background-color: var( --e-global-color-astglobalcolor4 );\">halte ich mich an die Kriterien der Wissenschaftlichkeit, Transparenz, Unparteilichkeit und Unvoreingenommenheit,\u00a0<\/span><span style=\"font-style: inherit; font-weight: inherit; color: var(--ast-global-color-3); background-color: var( --e-global-color-astglobalcolor4 );\">sind f\u00fcr mich stetige Weiterbildung, regelm\u00e4\u00dfige Supervision, Einbindung in ein Fachteam und fachkollegialer Austausch von grundlegender Bedeutung.<br \/><br \/><\/span><\/p><p>Ich ber\u00fccksichtige bei meiner Arbeit selbstverst\u00e4ndlich die geltenden\u00a0<a href=\"https:\/\/www.rechtspsychologie-bdp.de\/2025\/09\/22\/mindestanforderungen-an-die-qualitaet-von-sachverstaendigengutachten-im-kindschaftsrecht-in-dritter-ueberarbeiteter-auflage\/?utm_source=chatgpt.com\" target=\"_blank\" rel=\"noopener\">Mindestanforderungen zur Qualit\u00e4t von Sachverst\u00e4ndigengutachten im Kindschaftsrecht<\/a>\u00a0(Bundesministerium f\u00fcr Justiz und f\u00fcr Verbraucherfragen: Arbeitsgruppe Familienrechtliche Gutachten) und orientiere mich an den aktuellen Forschungserkenntnissen.<\/p><p style=\"font-size: 16px; font-style: normal; font-weight: 400;\">\u00a0<\/p>\t\t\t\t\t\t\t\t<\/div>\n\t\t\t\t<section class=\"elementor-section elementor-inner-section elementor-element elementor-element-4071694 elementor-section-boxed elementor-section-height-default elementor-section-height-default\" data-id=\"4071694\" data-element_type=\"section\">\n\t\t\t\t\t\t<div class=\"elementor-container elementor-column-gap-default\">\n\t\t\t\t\t<div class=\"elementor-column elementor-col-50 elementor-inner-column elementor-element elementor-element-bf41dee\" data-id=\"bf41dee\" data-element_type=\"column\">\n\t\t\t<div class=\"elementor-widget-wrap\">\n\t\t\t\t\t\t\t<\/div>\n\t\t<\/div>\n\t\t\t\t<div class=\"elementor-column elementor-col-50 elementor-inner-column elementor-element elementor-element-c9c24a6\" data-id=\"c9c24a6\" data-element_type=\"column\">\n\t\t\t<div class=\"elementor-widget-wrap\">\n\t\t\t\t\t\t\t<\/div>\n\t\t<\/div>\n\t\t\t\t\t<\/div>\n\t\t<\/section>\n\t\t\t\t\t<\/div>\n\t\t<\/div>\n\t\t\t\t\t<\/div>\n\t\t<\/section>\n\t\t\t\t<section class=\"elementor-section elementor-top-section elementor-element elementor-element-d2aedb8 elementor-section-content-middle elementor-section-boxed elementor-section-height-default elementor-section-height-default\" data-id=\"d2aedb8\" data-element_type=\"section\" id=\"organisers\" data-settings=\"{&quot;background_background&quot;:&quot;classic&quot;}\">\n\t\t\t\t\t\t<div class=\"elementor-container elementor-column-gap-default\">\n\t\t\t\t\t<div class=\"elementor-column elementor-col-50 elementor-top-column elementor-element elementor-element-7cbd246\" data-id=\"7cbd246\" data-element_type=\"column\">\n\t\t\t<div class=\"elementor-widget-wrap elementor-element-populated\">\n\t\t\t\t\t\t<div class=\"elementor-element elementor-element-d75ad6f elementor-widget elementor-widget-image\" data-id=\"d75ad6f\" data-element_type=\"widget\" data-widget_type=\"image.default\">\n\t\t\t\t\t\t\t\t\t\t\t\t\t\t\t<img decoding=\"async\" width=\"535\" height=\"400\" src=\"https:\/\/psychologische-gutachten-tuebingen.de\/wp-content\/uploads\/2023\/05\/tuebingen_535_400_01.jpg\" class=\"attachment-full size-full wp-image-390\" alt=\"\" srcset=\"https:\/\/psychologische-gutachten-tuebingen.de\/wp-content\/uploads\/2023\/05\/tuebingen_535_400_01.jpg 535w, https:\/\/psychologische-gutachten-tuebingen.de\/wp-content\/uploads\/2023\/05\/tuebingen_535_400_01-300x224.jpg 300w\" sizes=\"(max-width: 535px) 100vw, 535px\" \/>\t\t\t\t\t\t\t\t\t\t\t\t\t\t\t<\/div>\n\t\t\t\t\t<\/div>\n\t\t<\/div>\n\t\t\t\t<div class=\"elementor-column elementor-col-50 elementor-top-column elementor-element elementor-element-d4cacef\" data-id=\"d4cacef\" data-element_type=\"column\">\n\t\t\t<div class=\"elementor-widget-wrap elementor-element-populated\">\n\t\t\t\t\t\t<div class=\"elementor-element elementor-element-d43b27a elementor-widget elementor-widget-heading\" data-id=\"d43b27a\" data-element_type=\"widget\" data-widget_type=\"heading.default\">\n\t\t\t\t\t<h2 class=\"elementor-heading-title elementor-size-default\">Kontakt<\/h2>\t\t\t\t<\/div>\n\t\t\t\t<div class=\"elementor-element elementor-element-6a22b2f elementor-widget elementor-widget-text-editor\" data-id=\"6a22b2f\" data-element_type=\"widget\" data-widget_type=\"text-editor.default\">\n\t\t\t\t\t\t\t\t\t<p>M. Sc. Katharina Zerres<br \/><span style=\"font-style: inherit; font-weight: inherit; background-color: var( --e-global-color-astglobalcolor4 ); color: var(--ast-global-color-3);\">Philosophenweg 1<br \/>72076 T\u00fcbingen <br \/>Tel. 0163 7641904<br \/>eMail:\u00a0<a href=\"mailto:zerres@psychologische-gutachten-tuebingen.de\">zerres@psychologische-gutachten-tuebingen.de<\/a><br \/><\/span><\/p>\t\t\t\t\t\t\t\t<\/div>\n\t\t\t\t\t<\/div>\n\t\t<\/div>\n\t\t\t\t\t<\/div>\n\t\t<\/section>\n\t\t\t\t<section class=\"elementor-section elementor-top-section elementor-element elementor-element-ebfed90 elementor-section-boxed elementor-section-height-default elementor-section-height-default\" data-id=\"ebfed90\" data-element_type=\"section\" id=\"sponsors\">\n\t\t\t\t\t\t<div class=\"elementor-container elementor-column-gap-default\">\n\t\t\t\t\t<div class=\"elementor-column elementor-col-100 elementor-top-column elementor-element elementor-element-4aba2c2\" data-id=\"4aba2c2\" data-element_type=\"column\">\n\t\t\t<div class=\"elementor-widget-wrap\">\n\t\t\t\t\t\t\t<\/div>\n\t\t<\/div>\n\t\t\t\t\t<\/div>\n\t\t<\/section>\n\t\t\t\t<\/div>\n\t\t","protected":false},"excerpt":{"rendered":"<p>Psychologische Gutachten T\u00fcbingen Katharina Zerres Master of Science Psychologie Fachpsychologin f\u00fcr Rechtspsychologie (BDP\/DGPs) Profil RECHTSPSYCHOLOGISCHE PRAXIS Mit meiner Praxis in T\u00fcbingen stehe ich Ihnen gerne als rechtspsychologische Sachverst\u00e4ndige f\u00fcr familienrechtspsychologische Fragestellungen zur Verf\u00fcgung. Ich erstelle im Auftrag von Familiengerichten Sachverst\u00e4ndigengutachten und Stellungnahmen zu Fragestellungen des Sorgerechts, des Umgangsrechts, der Erziehungsf\u00e4higkeit und des Kindeswohls. Katharina Zerres [&hellip;]<\/p>\n","protected":false},"author":1,"featured_media":0,"parent":0,"menu_order":0,"comment_status":"closed","ping_status":"closed","template":"","meta":{"site-sidebar-layout":"no-sidebar","site-content-layout":"page-builder","ast-site-content-layout":"default","site-content-style":"default","site-sidebar-style":"default","ast-global-header-display":"","ast-banner-title-visibility":"","ast-main-header-display":"","ast-hfb-above-header-display":"","ast-hfb-below-header-display":"","ast-hfb-mobile-header-display":"","site-post-title":"disabled","ast-breadcrumbs-content":"","ast-featured-img":"disabled","footer-sml-layout":"","ast-disable-related-posts":"","theme-transparent-header-meta":"default","adv-header-id-meta":"","stick-header-meta":"","header-above-stick-meta":"","header-main-stick-meta":"","header-below-stick-meta":"","astra-migrate-meta-layouts":"default","ast-page-background-enabled":"default","ast-page-background-meta":{"desktop":{"background-color":"","background-image":"","background-repeat":"repeat","background-position":"center center","background-size":"auto","background-attachment":"scroll","background-type":"","background-media":"","overlay-type":"","overlay-color":"","overlay-opacity":"","overlay-gradient":""},"tablet":{"background-color":"","background-image":"","background-repeat":"repeat","background-position":"center center","background-size":"auto","background-attachment":"scroll","background-type":"","background-media":"","overlay-type":"","overlay-color":"","overlay-opacity":"","overlay-gradient":""},"mobile":{"background-color":"","background-image":"","background-repeat":"repeat","background-position":"center center","background-size":"auto","background-attachment":"scroll","background-type":"","background-media":"","overlay-type":"","overlay-color":"","overlay-opacity":"","overlay-gradient":""}},"ast-content-background-meta":{"desktop":{"background-color":"var(--ast-global-color-5)","background-image":"","background-repeat":"repeat","background-position":"center center","background-size":"auto","background-attachment":"scroll","background-type":"","background-media":"","overlay-type":"","overlay-color":"","overlay-opacity":"","overlay-gradient":""},"tablet":{"background-color":"var(--ast-global-color-5)","background-image":"","background-repeat":"repeat","background-position":"center center","background-size":"auto","background-attachment":"scroll","background-type":"","background-media":"","overlay-type":"","overlay-color":"","overlay-opacity":"","overlay-gradient":""},"mobile":{"background-color":"var(--ast-global-color-5)","background-image":"","background-repeat":"repeat","background-position":"center center","background-size":"auto","background-attachment":"scroll","background-type":"","background-media":"","overlay-type":"","overlay-color":"","overlay-opacity":"","overlay-gradient":""}},"footnotes":""},"class_list":["post-6","page","type-page","status-publish","hentry"],"_links":{"self":[{"href":"https:\/\/psychologische-gutachten-tuebingen.de\/index.php?rest_route=\/wp\/v2\/pages\/6","targetHints":{"allow":["GET"]}}],"collection":[{"href":"https:\/\/psychologische-gutachten-tuebingen.de\/index.php?rest_route=\/wp\/v2\/pages"}],"about":[{"href":"https:\/\/psychologische-gutachten-tuebingen.de\/index.php?rest_route=\/wp\/v2\/types\/page"}],"author":[{"embeddable":true,"href":"https:\/\/psychologische-gutachten-tuebingen.de\/index.php?rest_route=\/wp\/v2\/users\/1"}],"replies":[{"embeddable":true,"href":"https:\/\/psychologische-gutachten-tuebingen.de\/index.php?rest_route=%2Fwp%2Fv2%2Fcomments&post=6"}],"version-history":[{"count":145,"href":"https:\/\/psychologische-gutachten-tuebingen.de\/index.php?rest_route=\/wp\/v2\/pages\/6\/revisions"}],"predecessor-version":[{"id":437,"href":"https:\/\/psychologische-gutachten-tuebingen.de\/index.php?rest_route=\/wp\/v2\/pages\/6\/revisions\/437"}],"wp:attachment":[{"href":"https:\/\/psychologische-gutachten-tuebingen.de\/index.php?rest_route=%2Fwp%2Fv2%2Fmedia&parent=6"}],"curies":[{"name":"wp","href":"https:\/\/api.w.org\/{rel}","templated":true}]}}